{"id":2962,"date":"2024-03-18T23:40:04","date_gmt":"2024-03-18T22:40:04","guid":{"rendered":"https:\/\/www.mudal.de\/?page_id=2962"},"modified":"2024-03-18T23:40:07","modified_gmt":"2024-03-18T22:40:07","slug":"datenschutz-2","status":"publish","type":"page","link":"https:\/\/www.mudal.de\/?page_id=2962","title":{"rendered":"Datenschutz"},"content":{"rendered":"\t\t<div data-elementor-type=\"wp-page\" data-elementor-id=\"2962\" class=\"elementor elementor-2962\" data-elementor-post-type=\"page\">\n\t\t\t\t<div class=\"elementor-element elementor-element-1abd5f52 e-flex e-con-boxed e-con e-parent\" data-id=\"1abd5f52\" data-element_type=\"container\" data-settings=\"{&quot;background_background&quot;:&quot;gradient&quot;}\">\n\t\t\t\t\t<div class=\"e-con-inner\">\n\t\t\t\t<div class=\"elementor-element elementor-element-22b469ff elementor-widget elementor-widget-spacer\" data-id=\"22b469ff\" data-element_type=\"widget\" data-widget_type=\"spacer.default\">\n\t\t\t\t<div class=\"elementor-widget-container\">\n\t\t\t\t\t\t\t<div class=\"elementor-spacer\">\n\t\t\t<div class=\"elementor-spacer-inner\"><\/div>\n\t\t<\/div>\n\t\t\t\t\t\t<\/div>\n\t\t\t\t<\/div>\n\t\t\t\t\t<\/div>\n\t\t\t\t<\/div>\n\t\t<div class=\"elementor-element elementor-element-32836b1d e-flex e-con-boxed e-con e-parent\" data-id=\"32836b1d\" data-element_type=\"container\">\n\t\t\t\t\t<div class=\"e-con-inner\">\n\t\t\t\t<div class=\"elementor-element elementor-element-2f1282b6 elementor-widget-divider--view-line_text elementor-widget-divider--element-align-center elementor-widget elementor-widget-divider\" data-id=\"2f1282b6\" data-element_type=\"widget\" data-widget_type=\"divider.default\">\n\t\t\t\t<div class=\"elementor-widget-container\">\n\t\t\t\t\t\t\t<div class=\"elementor-divider\">\n\t\t\t<span class=\"elementor-divider-separator\">\n\t\t\t\t\t\t\t<span class=\"elementor-divider__text elementor-divider__element\">\n\t\t\t\tunsere Datenschutzhinweise\t\t\t\t<\/span>\n\t\t\t\t\t\t<\/span>\n\t\t<\/div>\n\t\t\t\t\t\t<\/div>\n\t\t\t\t<\/div>\n\t\t\t\t<div class=\"elementor-element elementor-element-5c682a68 elementor-widget elementor-widget-text-editor\" data-id=\"5c682a68\" data-element_type=\"widget\" data-widget_type=\"text-editor.default\">\n\t\t\t\t<div class=\"elementor-widget-container\">\n\t\t\t\t\t\t\t\t\t<p>Wir freuen uns, dass Sie die Webseiten der mudal GmbH besuchen und bedanken uns f\u00fcr Ihr Interesse. Wir m\u00f6chten Sie im Folgenden auf unsere Datenschutzgrunds\u00e4tze hinweisen:<\/p>\t\t\t\t\t\t\t\t<\/div>\n\t\t\t\t<\/div>\n\t\t\t\t<div class=\"elementor-element elementor-element-57f3db6d elementor-widget elementor-widget-spacer\" data-id=\"57f3db6d\" data-element_type=\"widget\" data-widget_type=\"spacer.default\">\n\t\t\t\t<div class=\"elementor-widget-container\">\n\t\t\t\t\t\t\t<div class=\"elementor-spacer\">\n\t\t\t<div class=\"elementor-spacer-inner\"><\/div>\n\t\t<\/div>\n\t\t\t\t\t\t<\/div>\n\t\t\t\t<\/div>\n\t\t\t\t\t<\/div>\n\t\t\t\t<\/div>\n\t\t<div class=\"elementor-element elementor-element-784f3fa8 e-flex e-con-boxed e-con e-parent\" data-id=\"784f3fa8\" data-element_type=\"container\">\n\t\t\t\t\t<div class=\"e-con-inner\">\n\t\t<div class=\"elementor-element elementor-element-1620ea57 e-con-full e-flex e-con e-child\" data-id=\"1620ea57\" data-element_type=\"container\">\n\t\t\t\t<div class=\"elementor-element elementor-element-1e0d07f3 elementor-widget elementor-widget-heading\" data-id=\"1e0d07f3\" data-element_type=\"widget\" data-widget_type=\"heading.default\">\n\t\t\t\t<div class=\"elementor-widget-container\">\n\t\t\t\t\t<h2 class=\"elementor-heading-title elementor-size-default\">INFORMATION<\/h2>\t\t\t\t<\/div>\n\t\t\t\t<\/div>\n\t\t\t\t<\/div>\n\t\t\t\t<div class=\"elementor-element elementor-element-6bc1ac9 elementor-widget elementor-widget-spacer\" data-id=\"6bc1ac9\" data-element_type=\"widget\" data-widget_type=\"spacer.default\">\n\t\t\t\t<div class=\"elementor-widget-container\">\n\t\t\t\t\t\t\t<div class=\"elementor-spacer\">\n\t\t\t<div class=\"elementor-spacer-inner\"><\/div>\n\t\t<\/div>\n\t\t\t\t\t\t<\/div>\n\t\t\t\t<\/div>\n\t\t\t\t<div class=\"elementor-element elementor-element-59c5fbb8 elementor-widget elementor-widget-spacer\" data-id=\"59c5fbb8\" data-element_type=\"widget\" data-widget_type=\"spacer.default\">\n\t\t\t\t<div class=\"elementor-widget-container\">\n\t\t\t\t\t\t\t<div class=\"elementor-spacer\">\n\t\t\t<div class=\"elementor-spacer-inner\"><\/div>\n\t\t<\/div>\n\t\t\t\t\t\t<\/div>\n\t\t\t\t<\/div>\n\t\t<div class=\"elementor-element elementor-element-3cbcdb61 e-flex e-con-boxed e-con e-child\" data-id=\"3cbcdb61\" data-element_type=\"container\">\n\t\t\t\t\t<div class=\"e-con-inner\">\n\t\t\t\t<div class=\"elementor-element elementor-element-597a1aa2 elementor-widget elementor-widget-text-editor\" data-id=\"597a1aa2\" data-element_type=\"widget\" data-widget_type=\"text-editor.default\">\n\t\t\t\t<div class=\"elementor-widget-container\">\n\t\t\t\t\t\t\t\t\t<p><strong>einfacher Besuch<\/strong><\/p><p>Beim einfachen Besuch unsere Webseiten werden unter anderem folgende Informationen in den technischen Log-Files des Webservers gespeichert:<\/p><ul><li>IP-Adresse<\/li><li>Zeitpunkt des Besuches<\/li><li>Quelle\/Verweis, von welchem Sie auf unsere Seiten gelangten<\/li><li>verwendeter Browser<\/li><li>verwendetes Betriebssystem<\/li><\/ul><p><strong>Kontakt per Mail<\/strong><\/p><p>Treten Sie per Mail mit uns in Kontakt, werden folgende Informationen auf unserem Webserver gespeichert:<\/p><ul><li>Mail-Adresse<\/li><li>Inhalt der Mail<\/li><\/ul>\t\t\t\t\t\t\t\t<\/div>\n\t\t\t\t<\/div>\n\t\t\t\t\t<\/div>\n\t\t\t\t<\/div>\n\t\t\t\t\t<\/div>\n\t\t\t\t<\/div>\n\t\t<div class=\"elementor-element elementor-element-7cd4aa45 e-flex e-con-boxed e-con e-parent\" data-id=\"7cd4aa45\" data-element_type=\"container\">\n\t\t\t\t\t<div class=\"e-con-inner\">\n\t\t<div class=\"elementor-element elementor-element-44995d91 e-con-full e-flex e-con e-child\" data-id=\"44995d91\" data-element_type=\"container\">\n\t\t\t\t<div class=\"elementor-element elementor-element-4c561f43 elementor-widget elementor-widget-heading\" data-id=\"4c561f43\" data-element_type=\"widget\" data-widget_type=\"heading.default\">\n\t\t\t\t<div class=\"elementor-widget-container\">\n\t\t\t\t\t<h2 class=\"elementor-heading-title elementor-size-default\">DATEN-\nSPEICHERUNG<\/h2>\t\t\t\t<\/div>\n\t\t\t\t<\/div>\n\t\t\t\t<\/div>\n\t\t\t\t<div class=\"elementor-element elementor-element-4fd32d8 elementor-widget elementor-widget-spacer\" data-id=\"4fd32d8\" data-element_type=\"widget\" data-widget_type=\"spacer.default\">\n\t\t\t\t<div class=\"elementor-widget-container\">\n\t\t\t\t\t\t\t<div class=\"elementor-spacer\">\n\t\t\t<div class=\"elementor-spacer-inner\"><\/div>\n\t\t<\/div>\n\t\t\t\t\t\t<\/div>\n\t\t\t\t<\/div>\n\t\t\t\t<div class=\"elementor-element elementor-element-59fb2ca4 elementor-widget elementor-widget-spacer\" data-id=\"59fb2ca4\" data-element_type=\"widget\" data-widget_type=\"spacer.default\">\n\t\t\t\t<div class=\"elementor-widget-container\">\n\t\t\t\t\t\t\t<div class=\"elementor-spacer\">\n\t\t\t<div class=\"elementor-spacer-inner\"><\/div>\n\t\t<\/div>\n\t\t\t\t\t\t<\/div>\n\t\t\t\t<\/div>\n\t\t<div class=\"elementor-element elementor-element-672f167c e-flex e-con-boxed e-con e-child\" data-id=\"672f167c\" data-element_type=\"container\">\n\t\t\t\t\t<div class=\"e-con-inner\">\n\t\t\t\t<div class=\"elementor-element elementor-element-5edc0022 elementor-widget elementor-widget-text-editor\" data-id=\"5edc0022\" data-element_type=\"widget\" data-widget_type=\"text-editor.default\">\n\t\t\t\t<div class=\"elementor-widget-container\">\n\t\t\t\t\t\t\t\t\t<p><strong>1.<\/strong> Die bei einem einfachen Besuch gespeicherten Informationen werden automatisch in den technischen Log-Files des Webservers erfasst und gespeichert. \u00dcber diesen Informationen werden keine Kennzahlen, Analysen und Auswertungen durchgef\u00fchrt. Wir nutzen sie ausschlie\u00dflich zur Verbesserung unserer Webseiten (Fehlersuche).<\/p><p><strong>2.<\/strong> Treten Sie per Mail mit uns in Kontakt, sehen wir das als Einwilligung Ihrerseits (gem\u00e4\u00df Art. 6 lit. a und f DSVGO) zur Speicherung dieser speziellen Informationen auf unserem Webserver. Diese Daten werden ausschlie\u00dflich zum Zweck der Beantwortung Ihres Anliegens bzw. f\u00fcr die Kontaktaufnahme gespeichert.<\/p>\t\t\t\t\t\t\t\t<\/div>\n\t\t\t\t<\/div>\n\t\t\t\t\t<\/div>\n\t\t\t\t<\/div>\n\t\t\t\t\t<\/div>\n\t\t\t\t<\/div>\n\t\t<div class=\"elementor-element elementor-element-38431bd2 e-flex e-con-boxed e-con e-parent\" data-id=\"38431bd2\" data-element_type=\"container\">\n\t\t\t\t\t<div class=\"e-con-inner\">\n\t\t<div class=\"elementor-element elementor-element-3ffaabbf e-con-full e-flex e-con e-child\" data-id=\"3ffaabbf\" data-element_type=\"container\">\n\t\t\t\t<div class=\"elementor-element elementor-element-67673e0b elementor-widget elementor-widget-heading\" data-id=\"67673e0b\" data-element_type=\"widget\" data-widget_type=\"heading.default\">\n\t\t\t\t<div class=\"elementor-widget-container\">\n\t\t\t\t\t<h2 class=\"elementor-heading-title elementor-size-default\">DATEN-\nL\u00d6SCHUNG<\/h2>\t\t\t\t<\/div>\n\t\t\t\t<\/div>\n\t\t\t\t<\/div>\n\t\t\t\t<div class=\"elementor-element elementor-element-5cdb248d elementor-widget elementor-widget-spacer\" data-id=\"5cdb248d\" data-element_type=\"widget\" data-widget_type=\"spacer.default\">\n\t\t\t\t<div class=\"elementor-widget-container\">\n\t\t\t\t\t\t\t<div class=\"elementor-spacer\">\n\t\t\t<div class=\"elementor-spacer-inner\"><\/div>\n\t\t<\/div>\n\t\t\t\t\t\t<\/div>\n\t\t\t\t<\/div>\n\t\t\t\t<div class=\"elementor-element elementor-element-2f1c5c62 elementor-widget elementor-widget-spacer\" data-id=\"2f1c5c62\" data-element_type=\"widget\" data-widget_type=\"spacer.default\">\n\t\t\t\t<div class=\"elementor-widget-container\">\n\t\t\t\t\t\t\t<div class=\"elementor-spacer\">\n\t\t\t<div class=\"elementor-spacer-inner\"><\/div>\n\t\t<\/div>\n\t\t\t\t\t\t<\/div>\n\t\t\t\t<\/div>\n\t\t<div class=\"elementor-element elementor-element-3e6006e7 e-flex e-con-boxed e-con e-child\" data-id=\"3e6006e7\" data-element_type=\"container\">\n\t\t\t\t\t<div class=\"e-con-inner\">\n\t\t\t\t<div class=\"elementor-element elementor-element-4672b8af elementor-widget elementor-widget-text-editor\" data-id=\"4672b8af\" data-element_type=\"widget\" data-widget_type=\"text-editor.default\">\n\t\t\t\t<div class=\"elementor-widget-container\">\n\t\t\t\t\t\t\t\t\t<p><strong>1.<\/strong> Die Log-Files des Webservers werden maximal ein Jahr bei uns gespeichert.<\/p><p><strong>2.<\/strong> Die Aufbewahrungsfrist f\u00fcr Mails unterliegen je nach der Art der Mail gesetzlichen Vorgaben.<\/p>\t\t\t\t\t\t\t\t<\/div>\n\t\t\t\t<\/div>\n\t\t\t\t\t<\/div>\n\t\t\t\t<\/div>\n\t\t\t\t\t<\/div>\n\t\t\t\t<\/div>\n\t\t<div class=\"elementor-element elementor-element-53afd7d0 e-flex e-con-boxed e-con e-parent\" data-id=\"53afd7d0\" data-element_type=\"container\">\n\t\t\t\t\t<div class=\"e-con-inner\">\n\t\t<div class=\"elementor-element elementor-element-7200a313 e-con-full e-flex e-con e-child\" data-id=\"7200a313\" data-element_type=\"container\">\n\t\t\t\t<div class=\"elementor-element elementor-element-5bc13c08 elementor-widget elementor-widget-heading\" data-id=\"5bc13c08\" data-element_type=\"widget\" data-widget_type=\"heading.default\">\n\t\t\t\t<div class=\"elementor-widget-container\">\n\t\t\t\t\t<h2 class=\"elementor-heading-title elementor-size-default\">SICHERHEITS-<br>HINWEIS<\/h2>\t\t\t\t<\/div>\n\t\t\t\t<\/div>\n\t\t\t\t<\/div>\n\t\t\t\t<div class=\"elementor-element elementor-element-33f31c9e elementor-widget elementor-widget-spacer\" data-id=\"33f31c9e\" data-element_type=\"widget\" data-widget_type=\"spacer.default\">\n\t\t\t\t<div class=\"elementor-widget-container\">\n\t\t\t\t\t\t\t<div class=\"elementor-spacer\">\n\t\t\t<div class=\"elementor-spacer-inner\"><\/div>\n\t\t<\/div>\n\t\t\t\t\t\t<\/div>\n\t\t\t\t<\/div>\n\t\t\t\t<div class=\"elementor-element elementor-element-49803e4d elementor-widget elementor-widget-spacer\" data-id=\"49803e4d\" data-element_type=\"widget\" data-widget_type=\"spacer.default\">\n\t\t\t\t<div class=\"elementor-widget-container\">\n\t\t\t\t\t\t\t<div class=\"elementor-spacer\">\n\t\t\t<div class=\"elementor-spacer-inner\"><\/div>\n\t\t<\/div>\n\t\t\t\t\t\t<\/div>\n\t\t\t\t<\/div>\n\t\t<div class=\"elementor-element elementor-element-5ad55170 e-flex e-con-boxed e-con e-child\" data-id=\"5ad55170\" data-element_type=\"container\">\n\t\t\t\t\t<div class=\"e-con-inner\">\n\t\t\t\t<div class=\"elementor-element elementor-element-284a17c2 elementor-widget elementor-widget-text-editor\" data-id=\"284a17c2\" data-element_type=\"widget\" data-widget_type=\"text-editor.default\">\n\t\t\t\t<div class=\"elementor-widget-container\">\n\t\t\t\t\t\t\t\t\t<p>Bitte beachten Sie, dass es bei der Daten\u00fcbertragung per E-Mail Sicherheitsl\u00fccken geben kann, so dass die vollst\u00e4ndige Datensicherheit nicht gew\u00e4hrleistet werden kann.<\/p>\t\t\t\t\t\t\t\t<\/div>\n\t\t\t\t<\/div>\n\t\t\t\t\t<\/div>\n\t\t\t\t<\/div>\n\t\t\t\t\t<\/div>\n\t\t\t\t<\/div>\n\t\t<div class=\"elementor-element elementor-element-42fd1e26 e-flex e-con-boxed e-con e-parent\" data-id=\"42fd1e26\" data-element_type=\"container\">\n\t\t\t\t\t<div class=\"e-con-inner\">\n\t\t<div class=\"elementor-element elementor-element-39a1d67f e-con-full e-flex e-con e-child\" data-id=\"39a1d67f\" data-element_type=\"container\">\n\t\t\t\t<div class=\"elementor-element elementor-element-2a750c0c elementor-widget elementor-widget-heading\" data-id=\"2a750c0c\" data-element_type=\"widget\" data-widget_type=\"heading.default\">\n\t\t\t\t<div class=\"elementor-widget-container\">\n\t\t\t\t\t<h2 class=\"elementor-heading-title elementor-size-default\">WIDERSPRUCHS- RECHT<\/h2>\t\t\t\t<\/div>\n\t\t\t\t<\/div>\n\t\t\t\t<\/div>\n\t\t\t\t<div class=\"elementor-element elementor-element-6a981719 elementor-widget elementor-widget-spacer\" data-id=\"6a981719\" data-element_type=\"widget\" data-widget_type=\"spacer.default\">\n\t\t\t\t<div class=\"elementor-widget-container\">\n\t\t\t\t\t\t\t<div class=\"elementor-spacer\">\n\t\t\t<div class=\"elementor-spacer-inner\"><\/div>\n\t\t<\/div>\n\t\t\t\t\t\t<\/div>\n\t\t\t\t<\/div>\n\t\t\t\t<div class=\"elementor-element elementor-element-71fa21ae elementor-widget elementor-widget-spacer\" data-id=\"71fa21ae\" data-element_type=\"widget\" data-widget_type=\"spacer.default\">\n\t\t\t\t<div class=\"elementor-widget-container\">\n\t\t\t\t\t\t\t<div class=\"elementor-spacer\">\n\t\t\t<div class=\"elementor-spacer-inner\"><\/div>\n\t\t<\/div>\n\t\t\t\t\t\t<\/div>\n\t\t\t\t<\/div>\n\t\t<div class=\"elementor-element elementor-element-3d032c70 e-flex e-con-boxed e-con e-child\" data-id=\"3d032c70\" data-element_type=\"container\">\n\t\t\t\t\t<div class=\"e-con-inner\">\n\t\t\t\t<div class=\"elementor-element elementor-element-20caee6e elementor-widget elementor-widget-text-editor\" data-id=\"20caee6e\" data-element_type=\"widget\" data-widget_type=\"text-editor.default\">\n\t\t\t\t<div class=\"elementor-widget-container\">\n\t\t\t\t\t\t\t\t\t<p>Sie haben jederzeit das Recht, der Speicherung der Daten per Mail zu widersprechen. Sollten wir keine zwingenden schutzw\u00fcrdigen Gr\u00fcnde haben, werden ihre Mails zeitnah von unseren Servern gel\u00f6scht.<\/p>\t\t\t\t\t\t\t\t<\/div>\n\t\t\t\t<\/div>\n\t\t\t\t\t<\/div>\n\t\t\t\t<\/div>\n\t\t\t\t\t<\/div>\n\t\t\t\t<\/div>\n\t\t<div class=\"elementor-element elementor-element-56d2be67 e-flex e-con-boxed e-con e-parent\" data-id=\"56d2be67\" data-element_type=\"container\">\n\t\t\t\t\t<div class=\"e-con-inner\">\n\t\t\t\t<div class=\"elementor-element elementor-element-7610ec2e elementor-widget elementor-widget-spacer\" data-id=\"7610ec2e\" data-element_type=\"widget\" data-widget_type=\"spacer.default\">\n\t\t\t\t<div class=\"elementor-widget-container\">\n\t\t\t\t\t\t\t<div class=\"elementor-spacer\">\n\t\t\t<div class=\"elementor-spacer-inner\"><\/div>\n\t\t<\/div>\n\t\t\t\t\t\t<\/div>\n\t\t\t\t<\/div>\n\t\t\t\t\t<\/div>\n\t\t\t\t<\/div>\n\t\t<div class=\"elementor-element elementor-element-44ef61e9 e-flex e-con-boxed e-con e-parent\" data-id=\"44ef61e9\" data-element_type=\"container\" data-settings=\"{&quot;background_background&quot;:&quot;classic&quot;}\">\n\t\t\t\t\t<div class=\"e-con-inner\">\n\t\t<div class=\"elementor-element elementor-element-5c470bdf e-con-full e-flex e-con e-child\" data-id=\"5c470bdf\" data-element_type=\"container\">\n\t\t\t\t<div class=\"elementor-element elementor-element-6c80ce6f elementor-widget elementor-widget-google_maps\" data-id=\"6c80ce6f\" data-element_type=\"widget\" data-widget_type=\"google_maps.default\">\n\t\t\t\t<div class=\"elementor-widget-container\">\n\t\t\t\t\t\t\t<div class=\"elementor-custom-embed\">\n\t\t\t<iframe loading=\"lazy\"\n\t\t\t\t\tsrc=\"https:\/\/maps.google.com\/maps?q=Mudal%20GmbH&#038;t=m&#038;z=12&#038;output=embed&#038;iwloc=near\"\n\t\t\t\t\ttitle=\"Mudal GmbH\"\n\t\t\t\t\taria-label=\"Mudal GmbH\"\n\t\t\t><\/iframe>\n\t\t<\/div>\n\t\t\t\t\t\t<\/div>\n\t\t\t\t<\/div>\n\t\t\t\t<div class=\"elementor-element elementor-element-4bffc341 elementor-search-form--skin-minimal elementor-widget elementor-widget-search-form\" data-id=\"4bffc341\" data-element_type=\"widget\" data-settings=\"{&quot;skin&quot;:&quot;minimal&quot;}\" data-widget_type=\"search-form.default\">\n\t\t\t\t<div class=\"elementor-widget-container\">\n\t\t\t\t\t\t\t<search role=\"search\">\n\t\t\t<form class=\"elementor-search-form\" action=\"https:\/\/www.mudal.de\" method=\"get\">\n\t\t\t\t\t\t\t\t\t\t\t\t<div class=\"elementor-search-form__container\">\n\t\t\t\t\t<label class=\"elementor-screen-only\" for=\"elementor-search-form-4bffc341\">Suche<\/label>\n\n\t\t\t\t\t\t\t\t\t\t\t<div class=\"elementor-search-form__icon\">\n\t\t\t\t\t\t\t<div class=\"e-font-icon-svg-container\"><svg aria-hidden=\"true\" class=\"e-font-icon-svg e-fas-search\" viewBox=\"0 0 512 512\" xmlns=\"http:\/\/www.w3.org\/2000\/svg\"><path d=\"M505 442.7L405.3 343c-4.5-4.5-10.6-7-17-7H372c27.6-35.3 44-79.7 44-128C416 93.1 322.9 0 208 0S0 93.1 0 208s93.1 208 208 208c48.3 0 92.7-16.4 128-44v16.3c0 6.4 2.5 12.5 7 17l99.7 99.7c9.4 9.4 24.6 9.4 33.9 0l28.3-28.3c9.4-9.4 9.4-24.6.1-34zM208 336c-70.7 0-128-57.2-128-128 0-70.7 57.2-128 128-128 70.7 0 128 57.2 128 128 0 70.7-57.2 128-128 128z\"><\/path><\/svg><\/div>\t\t\t\t\t\t\t<span class=\"elementor-screen-only\">Suche<\/span>\n\t\t\t\t\t\t<\/div>\n\t\t\t\t\t\n\t\t\t\t\t<input id=\"elementor-search-form-4bffc341\" placeholder=\"Suche...\" class=\"elementor-search-form__input\" type=\"search\" name=\"s\" value=\"\">\n\t\t\t\t\t\n\t\t\t\t\t\n\t\t\t\t\t\t\t\t\t<\/div>\n\t\t\t<\/form>\n\t\t<\/search>\n\t\t\t\t\t\t<\/div>\n\t\t\t\t<\/div>\n\t\t\t\t<\/div>\n\t\t\t\t<div class=\"elementor-element elementor-element-65bf9147 elementor-widget elementor-widget-spacer\" data-id=\"65bf9147\" data-element_type=\"widget\" data-widget_type=\"spacer.default\">\n\t\t\t\t<div class=\"elementor-widget-container\">\n\t\t\t\t\t\t\t<div class=\"elementor-spacer\">\n\t\t\t<div class=\"elementor-spacer-inner\"><\/div>\n\t\t<\/div>\n\t\t\t\t\t\t<\/div>\n\t\t\t\t<\/div>\n\t\t<div class=\"elementor-element elementor-element-6184d13d e-con-full e-flex e-con e-child\" data-id=\"6184d13d\" data-element_type=\"container\">\n\t\t\t\t<div class=\"elementor-element elementor-element-141e111d elementor-widget__width-initial elementor-widget elementor-widget-text-editor\" data-id=\"141e111d\" data-element_type=\"widget\" data-widget_type=\"text-editor.default\">\n\t\t\t\t<div class=\"elementor-widget-container\">\n\t\t\t\t\t\t\t\t\t<p><strong>Anschrift<\/strong><br \/>12621 Berlin<br \/>Uckermarkstra\u00dfe 81a<\/p><p><strong>Telefon<\/strong><br \/>+49 30 56493556<\/p><p><strong>Fax<\/strong><br \/>+49 30 56493557<\/p>\t\t\t\t\t\t\t\t<\/div>\n\t\t\t\t<\/div>\n\t\t\t\t<\/div>\n\t\t<div class=\"elementor-element elementor-element-499ad3e7 e-con-full e-flex e-con e-child\" data-id=\"499ad3e7\" data-element_type=\"container\">\n\t\t\t\t<div class=\"elementor-element elementor-element-3ff306b6 elementor-widget elementor-widget-text-editor\" data-id=\"3ff306b6\" data-element_type=\"widget\" data-widget_type=\"text-editor.default\">\n\t\t\t\t<div class=\"elementor-widget-container\">\n\t\t\t\t\t\t\t\t\t<p><strong>E-Mail<br \/><\/strong>kontakt@mudal.de<\/p><p><strong>Handelsregister<\/strong><br \/>Amtsgericht Charlottenburg<br \/>HRB 80 397<\/p><p><strong>Umstatzsteuer-IdNr.<\/strong><br \/>DE215819188<\/p>\t\t\t\t\t\t\t\t<\/div>\n\t\t\t\t<\/div>\n\t\t\t\t<\/div>\n\t\t<div class=\"elementor-element elementor-element-59fcd283 e-con-full e-flex e-con e-child\" data-id=\"59fcd283\" data-element_type=\"container\">\n\t\t\t\t<div class=\"elementor-element elementor-element-4375ae0d elementor-widget elementor-widget-spacer\" data-id=\"4375ae0d\" data-element_type=\"widget\" data-widget_type=\"spacer.default\">\n\t\t\t\t<div class=\"elementor-widget-container\">\n\t\t\t\t\t\t\t<div class=\"elementor-spacer\">\n\t\t\t<div class=\"elementor-spacer-inner\"><\/div>\n\t\t<\/div>\n\t\t\t\t\t\t<\/div>\n\t\t\t\t<\/div>\n\t\t\t\t<div class=\"elementor-element elementor-element-3daed710 elementor-widget-tablet__width-initial elementor-widget elementor-widget-theme-site-logo elementor-widget-image\" data-id=\"3daed710\" data-element_type=\"widget\" data-widget_type=\"theme-site-logo.default\">\n\t\t\t\t<div class=\"elementor-widget-container\">\n\t\t\t\t\t\t\t\t\t\t\t<a href=\"https:\/\/www.mudal.de\">\n\t\t\t<img fetchpriority=\"high\" decoding=\"async\" width=\"500\" height=\"154\" src=\"https:\/\/www.mudal.de\/wp-content\/uploads\/2024\/03\/mudal_tranparent2.png\" class=\"attachment-full size-full wp-image-2762\" alt=\"\" srcset=\"https:\/\/www.mudal.de\/wp-content\/uploads\/2024\/03\/mudal_tranparent2.png 500w, https:\/\/www.mudal.de\/wp-content\/uploads\/2024\/03\/mudal_tranparent2-300x92.png 300w\" sizes=\"(max-width: 500px) 100vw, 500px\" \/>\t\t\t\t<\/a>\n\t\t\t\t\t\t\t\t\t\t\t<\/div>\n\t\t\t\t<\/div>\n\t\t\t\t<\/div>\n\t\t\t\t\t<\/div>\n\t\t\t\t<\/div>\n\t\t\t\t<\/div>\n\t\t","protected":false},"excerpt":{"rendered":"<p>unsere Datenschutzhinweise Wir freuen uns, dass Sie die Webseiten der mudal GmbH besuchen und bedanken uns f\u00fcr Ihr Interesse. Wir m\u00f6chten Sie im Folgenden auf unsere Datenschutzgrunds\u00e4tze hinweisen: INFORMATION einfacher Besuch Beim einfachen Besuch unsere Webseiten werden unter anderem folgende Informationen in den technischen Log-Files des Webservers gespeichert: IP-Adresse Zeitpunkt des Besuches Quelle\/Verweis, von welchem [&hellip;]<\/p>\n","protected":false},"author":1,"featured_media":0,"parent":0,"menu_order":0,"comment_status":"closed","ping_status":"closed","template":"","meta":{"footnotes":""},"class_list":["post-2962","page","type-page","status-publish","hentry"],"_links":{"self":[{"href":"https:\/\/www.mudal.de\/index.php?rest_route=\/wp\/v2\/pages\/2962","targetHints":{"allow":["GET"]}}],"collection":[{"href":"https:\/\/www.mudal.de\/index.php?rest_route=\/wp\/v2\/pages"}],"about":[{"href":"https:\/\/www.mudal.de\/index.php?rest_route=\/wp\/v2\/types\/page"}],"author":[{"embeddable":true,"href":"https:\/\/www.mudal.de\/index.php?rest_route=\/wp\/v2\/users\/1"}],"replies":[{"embeddable":true,"href":"https:\/\/www.mudal.de\/index.php?rest_route=%2Fwp%2Fv2%2Fcomments&post=2962"}],"version-history":[{"count":4,"href":"https:\/\/www.mudal.de\/index.php?rest_route=\/wp\/v2\/pages\/2962\/revisions"}],"predecessor-version":[{"id":3006,"href":"https:\/\/www.mudal.de\/index.php?rest_route=\/wp\/v2\/pages\/2962\/revisions\/3006"}],"wp:attachment":[{"href":"https:\/\/www.mudal.de\/index.php?rest_route=%2Fwp%2Fv2%2Fmedia&parent=2962"}],"curies":[{"name":"wp","href":"https:\/\/api.w.org\/{rel}","templated":true}]}}